{"id":1664,"date":"2025-04-01T20:04:15","date_gmt":"2025-04-01T20:04:15","guid":{"rendered":"https:\/\/sanpedro.argency.com\/wine\/altair-2022"},"modified":"2025-09-16T19:27:36","modified_gmt":"2025-09-16T19:27:36","slug":"altair-2022","status":"publish","type":"product","link":"https:\/\/sanpedro.argency.com\/es\/producto\/altair-2022","title":{"rendered":"Altair 2022"},"content":{"rendered":"<p><span style=\"font-weight: 400;\">Esta temporada se puede considerar normal en cuanto a sus fechas fenol\u00f3gicas. La fruta lleg\u00f3 con buena sanidad a la cosecha, favorecida por la ausencia de lluvias tard\u00edas. Fue un a\u00f1o seco, aunque con m\u00e1s lluvias en invierno que el a\u00f1o anterior, lo que fue beneficioso para las plantas. <\/span><span style=\"font-weight: 400;\">Como resultado, los vinos de esta a\u00f1ada son elegantes, con buena presencia de fruta fresca y un marcado equilibrio. Presentan taninos suaves y bien integrados, junto a una buena acidez natural que les aporta frescura y potencial de guarda.<\/span><\/p>\n","protected":false},"excerpt":{"rendered":"<p>Elegancia, energ\u00eda y tensi\u00f3n<\/p>\n","protected":false},"featured_media":1733,"template":"","meta":{"_acf_changed":false,"awards":null,"recognitions":null},"product_brand":[76],"product_cat":[53],"product_tag":[],"class_list":{"0":"post-1664","1":"product","2":"type-product","3":"status-publish","4":"has-post-thumbnail","6":"product_brand-altair","7":"product_cat-uncategorized-es","9":"first","10":"instock","11":"shipping-taxable","12":"product-type-simple"},"acf":[],"yoast_head":"<!-- This site is optimized with the Yoast SEO plugin v27.3 - https:\/\/yoast.com\/product\/yoast-seo-wordpress\/ -->\n<title>Altair 2022 - San Pedro<\/title>\n<meta name=\"robots\" content=\"noindex, follow, max-snippet:-1, max-image-preview:large, max-video-preview:-1\" \/>\n<meta property=\"og:locale\" content=\"es_ES\" \/>\n<meta property=\"og:type\" content=\"article\" \/>\n<meta property=\"og:title\" content=\"Altair 2022 - San Pedro\" \/>\n<meta property=\"og:description\" content=\"Elegancia, energ\u00eda y tensi\u00f3n\" \/>\n<meta property=\"og:url\" content=\"https:\/\/sanpedro.argency.com\/es\/producto\/altair-2022\" \/>\n<meta property=\"og:site_name\" content=\"San Pedro\" \/>\n<meta property=\"article:modified_time\" content=\"2025-09-16T19:27:36+00:00\" \/>\n<meta property=\"og:image\" content=\"https:\/\/sanpedro.argency.com\/wp-content\/uploads\/2025\/04\/ALTAIR.png\" \/>\n\t<meta property=\"og:image:width\" content=\"392\" \/>\n\t<meta property=\"og:image:height\" content=\"831\" \/>\n\t<meta property=\"og:image:type\" content=\"image\/png\" \/>\n<meta name=\"twitter:card\" content=\"summary_large_image\" \/>\n<meta name=\"twitter:label1\" content=\"Tiempo de lectura\" \/>\n\t<meta name=\"twitter:data1\" content=\"1 minuto\" \/>\n<script type=\"application\/ld+json\" class=\"yoast-schema-graph\">{\"@context\":\"https:\\\/\\\/schema.org\",\"@graph\":[{\"@type\":\"WebPage\",\"@id\":\"https:\\\/\\\/sanpedro.argency.com\\\/es\\\/producto\\\/altair-2022\",\"url\":\"https:\\\/\\\/sanpedro.argency.com\\\/es\\\/producto\\\/altair-2022\",\"name\":\"Altair 2022 - San Pedro\",\"isPartOf\":{\"@id\":\"https:\\\/\\\/sanpedro.argency.com\\\/es#website\"},\"primaryImageOfPage\":{\"@id\":\"https:\\\/\\\/sanpedro.argency.com\\\/es\\\/producto\\\/altair-2022#primaryimage\"},\"image\":{\"@id\":\"https:\\\/\\\/sanpedro.argency.com\\\/es\\\/producto\\\/altair-2022#primaryimage\"},\"thumbnailUrl\":\"https:\\\/\\\/sanpedro.argency.com\\\/wp-content\\\/uploads\\\/2025\\\/04\\\/ALTAIR.png\",\"datePublished\":\"2025-04-01T20:04:15+00:00\",\"dateModified\":\"2025-09-16T19:27:36+00:00\",\"breadcrumb\":{\"@id\":\"https:\\\/\\\/sanpedro.argency.com\\\/es\\\/producto\\\/altair-2022#breadcrumb\"},\"inLanguage\":\"es\",\"potentialAction\":[{\"@type\":\"ReadAction\",\"target\":[\"https:\\\/\\\/sanpedro.argency.com\\\/es\\\/producto\\\/altair-2022\"]}]},{\"@type\":\"ImageObject\",\"inLanguage\":\"es\",\"@id\":\"https:\\\/\\\/sanpedro.argency.com\\\/es\\\/producto\\\/altair-2022#primaryimage\",\"url\":\"https:\\\/\\\/sanpedro.argency.com\\\/wp-content\\\/uploads\\\/2025\\\/04\\\/ALTAIR.png\",\"contentUrl\":\"https:\\\/\\\/sanpedro.argency.com\\\/wp-content\\\/uploads\\\/2025\\\/04\\\/ALTAIR.png\",\"width\":392,\"height\":831},{\"@type\":\"BreadcrumbList\",\"@id\":\"https:\\\/\\\/sanpedro.argency.com\\\/es\\\/producto\\\/altair-2022#breadcrumb\",\"itemListElement\":[{\"@type\":\"ListItem\",\"position\":1,\"name\":\"Home\",\"item\":\"https:\\\/\\\/sanpedro.argency.com\\\/es\"},{\"@type\":\"ListItem\",\"position\":2,\"name\":\"Tienda\",\"item\":\"https:\\\/\\\/sanpedro.argency.com\\\/shop\"},{\"@type\":\"ListItem\",\"position\":3,\"name\":\"Altair 2022\"}]},{\"@type\":\"WebSite\",\"@id\":\"https:\\\/\\\/sanpedro.argency.com\\\/es#website\",\"url\":\"https:\\\/\\\/sanpedro.argency.com\\\/es\",\"name\":\"San Pedro\",\"description\":\"\",\"publisher\":{\"@id\":\"https:\\\/\\\/sanpedro.argency.com\\\/es#organization\"},\"potentialAction\":[{\"@type\":\"SearchAction\",\"target\":{\"@type\":\"EntryPoint\",\"urlTemplate\":\"https:\\\/\\\/sanpedro.argency.com\\\/es?s={search_term_string}\"},\"query-input\":{\"@type\":\"PropertyValueSpecification\",\"valueRequired\":true,\"valueName\":\"search_term_string\"}}],\"inLanguage\":\"es\"},{\"@type\":\"Organization\",\"@id\":\"https:\\\/\\\/sanpedro.argency.com\\\/es#organization\",\"name\":\"San Pedro\",\"url\":\"https:\\\/\\\/sanpedro.argency.com\\\/es\",\"logo\":{\"@type\":\"ImageObject\",\"inLanguage\":\"es\",\"@id\":\"https:\\\/\\\/sanpedro.argency.com\\\/es#\\\/schema\\\/logo\\\/image\\\/\",\"url\":\"https:\\\/\\\/sanpedro.argency.com\\\/wp-content\\\/uploads\\\/2025\\\/02\\\/logo_menu.png\",\"contentUrl\":\"https:\\\/\\\/sanpedro.argency.com\\\/wp-content\\\/uploads\\\/2025\\\/02\\\/logo_menu.png\",\"width\":371,\"height\":93,\"caption\":\"San Pedro\"},\"image\":{\"@id\":\"https:\\\/\\\/sanpedro.argency.com\\\/es#\\\/schema\\\/logo\\\/image\\\/\"}}]}<\/script>\n<!-- \/ Yoast SEO plugin. -->","yoast_head_json":{"title":"Altair 2022 - San Pedro","robots":{"index":"noindex","follow":"follow","max-snippet":"max-snippet:-1","max-image-preview":"max-image-preview:large","max-video-preview":"max-video-preview:-1"},"og_locale":"es_ES","og_type":"article","og_title":"Altair 2022 - San Pedro","og_description":"Elegancia, energ\u00eda y tensi\u00f3n","og_url":"https:\/\/sanpedro.argency.com\/es\/producto\/altair-2022","og_site_name":"San Pedro","article_modified_time":"2025-09-16T19:27:36+00:00","og_image":[{"width":392,"height":831,"url":"https:\/\/sanpedro.argency.com\/wp-content\/uploads\/2025\/04\/ALTAIR.png","type":"image\/png"}],"twitter_card":"summary_large_image","twitter_misc":{"Tiempo de lectura":"1 minuto"},"schema":{"@context":"https:\/\/schema.org","@graph":[{"@type":"WebPage","@id":"https:\/\/sanpedro.argency.com\/es\/producto\/altair-2022","url":"https:\/\/sanpedro.argency.com\/es\/producto\/altair-2022","name":"Altair 2022 - San Pedro","isPartOf":{"@id":"https:\/\/sanpedro.argency.com\/es#website"},"primaryImageOfPage":{"@id":"https:\/\/sanpedro.argency.com\/es\/producto\/altair-2022#primaryimage"},"image":{"@id":"https:\/\/sanpedro.argency.com\/es\/producto\/altair-2022#primaryimage"},"thumbnailUrl":"https:\/\/sanpedro.argency.com\/wp-content\/uploads\/2025\/04\/ALTAIR.png","datePublished":"2025-04-01T20:04:15+00:00","dateModified":"2025-09-16T19:27:36+00:00","breadcrumb":{"@id":"https:\/\/sanpedro.argency.com\/es\/producto\/altair-2022#breadcrumb"},"inLanguage":"es","potentialAction":[{"@type":"ReadAction","target":["https:\/\/sanpedro.argency.com\/es\/producto\/altair-2022"]}]},{"@type":"ImageObject","inLanguage":"es","@id":"https:\/\/sanpedro.argency.com\/es\/producto\/altair-2022#primaryimage","url":"https:\/\/sanpedro.argency.com\/wp-content\/uploads\/2025\/04\/ALTAIR.png","contentUrl":"https:\/\/sanpedro.argency.com\/wp-content\/uploads\/2025\/04\/ALTAIR.png","width":392,"height":831},{"@type":"BreadcrumbList","@id":"https:\/\/sanpedro.argency.com\/es\/producto\/altair-2022#breadcrumb","itemListElement":[{"@type":"ListItem","position":1,"name":"Home","item":"https:\/\/sanpedro.argency.com\/es"},{"@type":"ListItem","position":2,"name":"Tienda","item":"https:\/\/sanpedro.argency.com\/shop"},{"@type":"ListItem","position":3,"name":"Altair 2022"}]},{"@type":"WebSite","@id":"https:\/\/sanpedro.argency.com\/es#website","url":"https:\/\/sanpedro.argency.com\/es","name":"San Pedro","description":"","publisher":{"@id":"https:\/\/sanpedro.argency.com\/es#organization"},"potentialAction":[{"@type":"SearchAction","target":{"@type":"EntryPoint","urlTemplate":"https:\/\/sanpedro.argency.com\/es?s={search_term_string}"},"query-input":{"@type":"PropertyValueSpecification","valueRequired":true,"valueName":"search_term_string"}}],"inLanguage":"es"},{"@type":"Organization","@id":"https:\/\/sanpedro.argency.com\/es#organization","name":"San Pedro","url":"https:\/\/sanpedro.argency.com\/es","logo":{"@type":"ImageObject","inLanguage":"es","@id":"https:\/\/sanpedro.argency.com\/es#\/schema\/logo\/image\/","url":"https:\/\/sanpedro.argency.com\/wp-content\/uploads\/2025\/02\/logo_menu.png","contentUrl":"https:\/\/sanpedro.argency.com\/wp-content\/uploads\/2025\/02\/logo_menu.png","width":371,"height":93,"caption":"San Pedro"},"image":{"@id":"https:\/\/sanpedro.argency.com\/es#\/schema\/logo\/image\/"}}]}},"_links":{"self":[{"href":"https:\/\/sanpedro.argency.com\/es\/wp-json\/wp\/v2\/product\/1664","targetHints":{"allow":["GET"]}}],"collection":[{"href":"https:\/\/sanpedro.argency.com\/es\/wp-json\/wp\/v2\/product"}],"about":[{"href":"https:\/\/sanpedro.argency.com\/es\/wp-json\/wp\/v2\/types\/product"}],"wp:featuredmedia":[{"embeddable":true,"href":"https:\/\/sanpedro.argency.com\/es\/wp-json\/wp\/v2\/media\/1733"}],"wp:attachment":[{"href":"https:\/\/sanpedro.argency.com\/es\/wp-json\/wp\/v2\/media?parent=1664"}],"wp:term":[{"taxonomy":"product_brand","embeddable":true,"href":"https:\/\/sanpedro.argency.com\/es\/wp-json\/wp\/v2\/product_brand?post=1664"},{"taxonomy":"product_cat","embeddable":true,"href":"https:\/\/sanpedro.argency.com\/es\/wp-json\/wp\/v2\/product_cat?post=1664"},{"taxonomy":"product_tag","embeddable":true,"href":"https:\/\/sanpedro.argency.com\/es\/wp-json\/wp\/v2\/product_tag?post=1664"}],"curies":[{"name":"wp","href":"https:\/\/api.w.org\/{rel}","templated":true}]}}